{"id":2887,"date":"2015-06-24T14:40:51","date_gmt":"2015-06-24T14:40:51","guid":{"rendered":"http:\/\/joerg-w-schirmer.de\/?page_id=2887"},"modified":"2024-09-26T13:21:45","modified_gmt":"2024-09-26T13:21:45","slug":"vita","status":"publish","type":"page","link":"https:\/\/joerg-w-schirmer.de\/?page_id=2887","title":{"rendered":"Vita"},"content":{"rendered":"<p>\u00a0<\/p>\n<p><a href=\"https:\/\/joerg-w-schirmer.de\/wp-content\/uploads\/2015\/06\/joerg.jpg\"><img decoding=\"async\" class=\"alignnone size-medium wp-image-2901\" src=\"https:\/\/joerg-w-schirmer.de\/wp-content\/uploads\/2015\/06\/joerg-300x150.jpg\" alt=\"Portr\u00e4tfoto J\u00f6rg W. Schirmer\" width=\"300\" height=\"150\" srcset=\"https:\/\/joerg-w-schirmer.de\/wp-content\/uploads\/2015\/06\/joerg-300x150.jpg 300w, https:\/\/joerg-w-schirmer.de\/wp-content\/uploads\/2015\/06\/joerg.jpg 400w\" sizes=\"(max-width: 300px) 100vw, 300px\" \/><\/a><\/p>\n<p>1965<br \/>geboren in Frankfurt am Main<br \/>Ururenkel von Johann Wilhelm Schirmer, Landschaftsmaler von 1807 &#8211; 1863<\/p>\n<p>1986<br \/>Holzbildhauerlehre<\/p>\n<p>1991<br \/>Studium an der Kunstakademie D\u00fcsseldorf bei Prof. Markus L\u00fcpertz<\/p>\n<p>1996<br \/>Meistersch\u00fcler von Prof. Markus L\u00fcpertz<br \/>Lebt und arbeitet in Essen.<\/p>\n<p>\u00a0<\/p>\n\n\n<p><br><br><\/p>\n","protected":false},"excerpt":{"rendered":"<p>\u00a0 1965geboren in Frankfurt am MainUrurenkel von Johann Wilhelm Schirmer, Landschaftsmaler von 1807 &#8211; 1863 1986Holzbildhauerlehre 1991Studium an der Kunstakademie D\u00fcsseldorf bei Prof. Markus L\u00fcpertz 1996Meistersch\u00fcler von Prof. Markus L\u00fcpertzLebt und arbeitet in Essen. \u00a0<\/p>\n","protected":false},"author":1,"featured_media":0,"parent":0,"menu_order":0,"comment_status":"closed","ping_status":"closed","template":"","meta":{"footnotes":""},"class_list":["post-2887","page","type-page","status-publish","hentry"],"featured_media_urls":[],"_links":{"self":[{"href":"https:\/\/joerg-w-schirmer.de\/index.php?rest_route=\/wp\/v2\/pages\/2887","targetHints":{"allow":["GET"]}}],"collection":[{"href":"https:\/\/joerg-w-schirmer.de\/index.php?rest_route=\/wp\/v2\/pages"}],"about":[{"href":"https:\/\/joerg-w-schirmer.de\/index.php?rest_route=\/wp\/v2\/types\/page"}],"author":[{"embeddable":true,"href":"https:\/\/joerg-w-schirmer.de\/index.php?rest_route=\/wp\/v2\/users\/1"}],"replies":[{"embeddable":true,"href":"https:\/\/joerg-w-schirmer.de\/index.php?rest_route=%2Fwp%2Fv2%2Fcomments&post=2887"}],"version-history":[{"count":32,"href":"https:\/\/joerg-w-schirmer.de\/index.php?rest_route=\/wp\/v2\/pages\/2887\/revisions"}],"predecessor-version":[{"id":3577,"href":"https:\/\/joerg-w-schirmer.de\/index.php?rest_route=\/wp\/v2\/pages\/2887\/revisions\/3577"}],"wp:attachment":[{"href":"https:\/\/joerg-w-schirmer.de\/index.php?rest_route=%2Fwp%2Fv2%2Fmedia&parent=2887"}],"curies":[{"name":"wp","href":"https:\/\/api.w.org\/{rel}","templated":true}]}}