{"id":2890,"date":"2015-06-24T20:36:42","date_gmt":"2015-06-24T20:36:42","guid":{"rendered":"http:\/\/joerg-w-schirmer.de\/?page_id=2890"},"modified":"2024-09-26T19:41:41","modified_gmt":"2024-09-26T19:41:41","slug":"aktuelles","status":"publish","type":"page","link":"https:\/\/joerg-w-schirmer.de\/?page_id=2890","title":{"rendered":"Aktuelles"},"content":{"rendered":"\n\n<ul class=\"wp-block-latest-posts__list is-grid columns-3 has-dates wp-block-latest-posts\"><li><div class=\"wp-block-latest-posts__featured-image aligncenter\"><img fetchpriority=\"high\" decoding=\"async\" width=\"950\" height=\"442\" src=\"https:\/\/joerg-w-schirmer.de\/wp-content\/uploads\/2025\/08\/grafik_bild_kunst_komplett_web-1024x476.jpg\" class=\"attachment-large size-large wp-post-image\" alt=\"Einladungskarte zur Ausstellung &quot;Dimension, Erotic &amp; Color&quot;\" style=\"\" srcset=\"https:\/\/joerg-w-schirmer.de\/wp-content\/uploads\/2025\/08\/grafik_bild_kunst_komplett_web-1024x476.jpg 1024w, https:\/\/joerg-w-schirmer.de\/wp-content\/uploads\/2025\/08\/grafik_bild_kunst_komplett_web-300x140.jpg 300w, https:\/\/joerg-w-schirmer.de\/wp-content\/uploads\/2025\/08\/grafik_bild_kunst_komplett_web-2000x930.jpg 2000w, https:\/\/joerg-w-schirmer.de\/wp-content\/uploads\/2025\/08\/grafik_bild_kunst_komplett_web-scaled-1536x715.jpg 1536w, https:\/\/joerg-w-schirmer.de\/wp-content\/uploads\/2025\/08\/grafik_bild_kunst_komplett_web-scaled-2048x953.jpg 2048w, https:\/\/joerg-w-schirmer.de\/wp-content\/uploads\/2025\/08\/grafik_bild_kunst_komplett_web-scaled-600x279.jpg 600w, https:\/\/joerg-w-schirmer.de\/wp-content\/uploads\/2025\/08\/grafik_bild_kunst_komplett_web-scaled-1200x558.jpg 1200w\" sizes=\"100vw\" \/><\/div><a class=\"wp-block-latest-posts__post-title\" href=\"https:\/\/joerg-w-schirmer.de\/?p=3753\">Ausstellung &#8222;DIMENSION, EROTIC &amp; COLOUR&#8220;, Grafik Bild Kunst, D\u00fcsseldorf<\/a><time datetime=\"2025-08-19T14:28:38+00:00\" class=\"wp-block-latest-posts__post-date\">August 19, 2025<\/time><\/li>\n<li><div class=\"wp-block-latest-posts__featured-image aligncenter\"><img decoding=\"async\" width=\"950\" height=\"948\" src=\"https:\/\/joerg-w-schirmer.de\/wp-content\/uploads\/2025\/05\/Quadrat-1024x1022.jpg\" class=\"attachment-large size-large wp-post-image\" alt=\"Ausstellungseinladung &quot;Dreams &amp; Sidekicks&quot;\" style=\"\" srcset=\"https:\/\/joerg-w-schirmer.de\/wp-content\/uploads\/2025\/05\/Quadrat-1024x1022.jpg 1024w, https:\/\/joerg-w-schirmer.de\/wp-content\/uploads\/2025\/05\/Quadrat-300x300.jpg 300w, https:\/\/joerg-w-schirmer.de\/wp-content\/uploads\/2025\/05\/Quadrat-150x150.jpg 150w, https:\/\/joerg-w-schirmer.de\/wp-content\/uploads\/2025\/05\/Quadrat-600x599.jpg 600w, https:\/\/joerg-w-schirmer.de\/wp-content\/uploads\/2025\/05\/Quadrat-1200x1197.jpg 1200w, https:\/\/joerg-w-schirmer.de\/wp-content\/uploads\/2025\/05\/Quadrat.jpg 1275w\" sizes=\"100vw\" \/><\/div><a class=\"wp-block-latest-posts__post-title\" href=\"https:\/\/joerg-w-schirmer.de\/?p=3748\">Ausstellung &#8222;Dreams &amp; Sidekicks&#8220;, Galerie Klose, Essen<\/a><time datetime=\"2025-05-14T08:59:04+00:00\" class=\"wp-block-latest-posts__post-date\">Mai 14, 2025<\/time><\/li>\n<li><div class=\"wp-block-latest-posts__featured-image aligncenter\"><img decoding=\"async\" width=\"950\" height=\"713\" src=\"https:\/\/joerg-w-schirmer.de\/wp-content\/uploads\/2025\/05\/impressionen_art_karlsruhe_2025_3b-1024x768.jpg\" class=\"attachment-large size-large wp-post-image\" alt=\"Ausstellungsansicht von der Art Karlsruhe 2025\" style=\"\" srcset=\"https:\/\/joerg-w-schirmer.de\/wp-content\/uploads\/2025\/05\/impressionen_art_karlsruhe_2025_3b-1024x768.jpg 1024w, https:\/\/joerg-w-schirmer.de\/wp-content\/uploads\/2025\/05\/impressionen_art_karlsruhe_2025_3b-300x225.jpg 300w, https:\/\/joerg-w-schirmer.de\/wp-content\/uploads\/2025\/05\/impressionen_art_karlsruhe_2025_3b-600x450.jpg 600w, https:\/\/joerg-w-schirmer.de\/wp-content\/uploads\/2025\/05\/impressionen_art_karlsruhe_2025_3b.jpg 1134w\" sizes=\"100vw\" \/><\/div><a class=\"wp-block-latest-posts__post-title\" href=\"https:\/\/joerg-w-schirmer.de\/?p=3736\">artKarlsruhe 2025<\/a><time datetime=\"2025-05-14T08:40:09+00:00\" class=\"wp-block-latest-posts__post-date\">Mai 14, 2025<\/time><\/li>\n<li><div class=\"wp-block-latest-posts__featured-image aligncenter\"><img loading=\"lazy\" decoding=\"async\" width=\"848\" height=\"400\" src=\"https:\/\/joerg-w-schirmer.de\/wp-content\/uploads\/2024\/03\/art_muc_ticket.jpg\" class=\"attachment-large size-large wp-post-image\" alt=\"Einladungskarte &quot;ART MUC 2024&quot;\" style=\"\" srcset=\"https:\/\/joerg-w-schirmer.de\/wp-content\/uploads\/2024\/03\/art_muc_ticket.jpg 848w, https:\/\/joerg-w-schirmer.de\/wp-content\/uploads\/2024\/03\/art_muc_ticket-300x142.jpg 300w, https:\/\/joerg-w-schirmer.de\/wp-content\/uploads\/2024\/03\/art_muc_ticket-768x362.jpg 768w, https:\/\/joerg-w-schirmer.de\/wp-content\/uploads\/2024\/03\/art_muc_ticket-600x283.jpg 600w\" sizes=\"100vw\" \/><\/div><a class=\"wp-block-latest-posts__post-title\" href=\"https:\/\/joerg-w-schirmer.de\/?p=3544\">ART MUC 2024<\/a><time datetime=\"2024-03-19T16:44:43+00:00\" class=\"wp-block-latest-posts__post-date\">M\u00e4rz 19, 2024<\/time><\/li>\n<li><div class=\"wp-block-latest-posts__featured-image aligncenter\"><img loading=\"lazy\" decoding=\"async\" width=\"848\" height=\"400\" src=\"https:\/\/joerg-w-schirmer.de\/wp-content\/uploads\/2024\/03\/in_between_sailer_schirmer_schortgen_2024.jpg\" class=\"attachment-large size-large wp-post-image\" alt=\"Einladungskarte &quot;IN-BETWEEN&quot;\" style=\"\" srcset=\"https:\/\/joerg-w-schirmer.de\/wp-content\/uploads\/2024\/03\/in_between_sailer_schirmer_schortgen_2024.jpg 848w, https:\/\/joerg-w-schirmer.de\/wp-content\/uploads\/2024\/03\/in_between_sailer_schirmer_schortgen_2024-300x142.jpg 300w, https:\/\/joerg-w-schirmer.de\/wp-content\/uploads\/2024\/03\/in_between_sailer_schirmer_schortgen_2024-768x362.jpg 768w, https:\/\/joerg-w-schirmer.de\/wp-content\/uploads\/2024\/03\/in_between_sailer_schirmer_schortgen_2024-600x283.jpg 600w\" sizes=\"100vw\" \/><\/div><a class=\"wp-block-latest-posts__post-title\" href=\"https:\/\/joerg-w-schirmer.de\/?p=3541\">Gruppenausstellung \u201cIN-BETWEEN\u201d, Galerie Schortgen, Luxembourg<\/a><time datetime=\"2024-03-02T16:38:23+00:00\" class=\"wp-block-latest-posts__post-date\">M\u00e4rz 2, 2024<\/time><\/li>\n<li><div class=\"wp-block-latest-posts__featured-image aligncenter\"><img loading=\"lazy\" decoding=\"async\" width=\"848\" height=\"400\" src=\"https:\/\/joerg-w-schirmer.de\/wp-content\/uploads\/2024\/03\/art_karlsruhe_stand_2024.jpg\" class=\"attachment-large size-large wp-post-image\" alt=\"Messestand Art Karlsruhe 2024\" style=\"\" srcset=\"https:\/\/joerg-w-schirmer.de\/wp-content\/uploads\/2024\/03\/art_karlsruhe_stand_2024.jpg 848w, https:\/\/joerg-w-schirmer.de\/wp-content\/uploads\/2024\/03\/art_karlsruhe_stand_2024-300x142.jpg 300w, https:\/\/joerg-w-schirmer.de\/wp-content\/uploads\/2024\/03\/art_karlsruhe_stand_2024-768x362.jpg 768w, https:\/\/joerg-w-schirmer.de\/wp-content\/uploads\/2024\/03\/art_karlsruhe_stand_2024-600x283.jpg 600w\" sizes=\"100vw\" \/><\/div><a class=\"wp-block-latest-posts__post-title\" href=\"https:\/\/joerg-w-schirmer.de\/?p=3548\">artKarlsruhe 2024<\/a><time datetime=\"2024-02-20T17:07:00+00:00\" class=\"wp-block-latest-posts__post-date\">Februar 20, 2024<\/time><\/li>\n<li><div class=\"wp-block-latest-posts__featured-image aligncenter\"><img loading=\"lazy\" decoding=\"async\" width=\"746\" height=\"400\" src=\"https:\/\/joerg-w-schirmer.de\/wp-content\/uploads\/2024\/03\/summer_vibes_hegemann_2023.jpg\" class=\"attachment-large size-large wp-post-image\" alt=\"Einladungskarte &quot;Summer Vibes&quot;\" style=\"\" srcset=\"https:\/\/joerg-w-schirmer.de\/wp-content\/uploads\/2024\/03\/summer_vibes_hegemann_2023.jpg 746w, https:\/\/joerg-w-schirmer.de\/wp-content\/uploads\/2024\/03\/summer_vibes_hegemann_2023-300x161.jpg 300w, https:\/\/joerg-w-schirmer.de\/wp-content\/uploads\/2024\/03\/summer_vibes_hegemann_2023-600x322.jpg 600w\" sizes=\"100vw\" \/><\/div><a class=\"wp-block-latest-posts__post-title\" href=\"https:\/\/joerg-w-schirmer.de\/?p=3538\">Gruppenausstellung \u201eSUMMER VIBES\u201c, Galerie Hegemann, M\u00fcnchen<\/a><time datetime=\"2023-07-21T16:22:00+00:00\" class=\"wp-block-latest-posts__post-date\">Juli 21, 2023<\/time><\/li>\n<li><div class=\"wp-block-latest-posts__featured-image aligncenter\"><img loading=\"lazy\" decoding=\"async\" width=\"848\" height=\"400\" src=\"https:\/\/joerg-w-schirmer.de\/wp-content\/uploads\/2024\/03\/art_karlsruhe_stand_2023.jpg\" class=\"attachment-large size-large wp-post-image\" alt=\"Skulpturenplatz auf der Art Karlsruhe 2023\" style=\"\" srcset=\"https:\/\/joerg-w-schirmer.de\/wp-content\/uploads\/2024\/03\/art_karlsruhe_stand_2023.jpg 848w, https:\/\/joerg-w-schirmer.de\/wp-content\/uploads\/2024\/03\/art_karlsruhe_stand_2023-300x142.jpg 300w, https:\/\/joerg-w-schirmer.de\/wp-content\/uploads\/2024\/03\/art_karlsruhe_stand_2023-768x362.jpg 768w, https:\/\/joerg-w-schirmer.de\/wp-content\/uploads\/2024\/03\/art_karlsruhe_stand_2023-600x283.jpg 600w\" sizes=\"100vw\" \/><\/div><a class=\"wp-block-latest-posts__post-title\" href=\"https:\/\/joerg-w-schirmer.de\/?p=3554\">artKarlsruhe 2023<\/a><time datetime=\"2023-05-04T17:15:00+00:00\" class=\"wp-block-latest-posts__post-date\">Mai 4, 2023<\/time><\/li>\n<li><div class=\"wp-block-latest-posts__featured-image aligncenter\"><img loading=\"lazy\" decoding=\"async\" width=\"950\" height=\"483\" src=\"https:\/\/joerg-w-schirmer.de\/wp-content\/uploads\/2021\/07\/karte_klose-scaled-1-1024x521.jpg\" class=\"attachment-large size-large wp-post-image\" alt=\"Einladungskarte Galerie Klose\" style=\"\" srcset=\"https:\/\/joerg-w-schirmer.de\/wp-content\/uploads\/2021\/07\/karte_klose-scaled-1-1024x521.jpg 1024w, https:\/\/joerg-w-schirmer.de\/wp-content\/uploads\/2021\/07\/karte_klose-scaled-1-300x153.jpg 300w, https:\/\/joerg-w-schirmer.de\/wp-content\/uploads\/2021\/07\/karte_klose-scaled-1-768x391.jpg 768w, https:\/\/joerg-w-schirmer.de\/wp-content\/uploads\/2021\/07\/karte_klose-scaled-1-1536x781.jpg 1536w, https:\/\/joerg-w-schirmer.de\/wp-content\/uploads\/2021\/07\/karte_klose-scaled-1-2048x1041.jpg 2048w, https:\/\/joerg-w-schirmer.de\/wp-content\/uploads\/2021\/07\/karte_klose-scaled-1-2000x1017.jpg 2000w, https:\/\/joerg-w-schirmer.de\/wp-content\/uploads\/2021\/07\/karte_klose-scaled-1-600x305.jpg 600w, https:\/\/joerg-w-schirmer.de\/wp-content\/uploads\/2021\/07\/karte_klose-scaled-1-1200x610.jpg 1200w\" sizes=\"100vw\" \/><\/div><a class=\"wp-block-latest-posts__post-title\" href=\"https:\/\/joerg-w-schirmer.de\/?p=3501\">Gruppenausstellung SUMMERTIME&#8230; and the living is easy, Galerie Klose, Essen<\/a><time datetime=\"2021-07-22T09:46:26+00:00\" class=\"wp-block-latest-posts__post-date\">Juli 22, 2021<\/time><\/li>\n<li><div class=\"wp-block-latest-posts__featured-image aligncenter\"><img loading=\"lazy\" decoding=\"async\" width=\"746\" height=\"400\" src=\"https:\/\/joerg-w-schirmer.de\/wp-content\/uploads\/2021\/07\/karte_hegemann-scaled-1.jpg\" class=\"attachment-large size-large wp-post-image\" alt=\"Einladungskarte Galerie Hegemann\" style=\"\" srcset=\"https:\/\/joerg-w-schirmer.de\/wp-content\/uploads\/2021\/07\/karte_hegemann-scaled-1.jpg 746w, https:\/\/joerg-w-schirmer.de\/wp-content\/uploads\/2021\/07\/karte_hegemann-scaled-1-300x161.jpg 300w, https:\/\/joerg-w-schirmer.de\/wp-content\/uploads\/2021\/07\/karte_hegemann-scaled-1-600x322.jpg 600w\" sizes=\"100vw\" \/><\/div><a class=\"wp-block-latest-posts__post-title\" href=\"https:\/\/joerg-w-schirmer.de\/?p=3498\">Gruppenausstellung \u201eCOLORFUL LIFE\u201c, Galerie Hegemann, M\u00fcnchen<\/a><time datetime=\"2021-07-22T09:42:34+00:00\" class=\"wp-block-latest-posts__post-date\">Juli 22, 2021<\/time><\/li>\n<li><div class=\"wp-block-latest-posts__featured-image aligncenter\"><img loading=\"lazy\" decoding=\"async\" width=\"848\" height=\"400\" src=\"https:\/\/joerg-w-schirmer.de\/wp-content\/uploads\/2020\/12\/karte_luxembourg-scaled-1.jpg\" class=\"attachment-large size-large wp-post-image\" alt=\"Einladungskarte der Galerie Schortgen in Luxembourg\" style=\"\" srcset=\"https:\/\/joerg-w-schirmer.de\/wp-content\/uploads\/2020\/12\/karte_luxembourg-scaled-1.jpg 848w, https:\/\/joerg-w-schirmer.de\/wp-content\/uploads\/2020\/12\/karte_luxembourg-scaled-1-300x142.jpg 300w, https:\/\/joerg-w-schirmer.de\/wp-content\/uploads\/2020\/12\/karte_luxembourg-scaled-1-768x362.jpg 768w, https:\/\/joerg-w-schirmer.de\/wp-content\/uploads\/2020\/12\/karte_luxembourg-scaled-1-600x283.jpg 600w\" sizes=\"100vw\" \/><\/div><a class=\"wp-block-latest-posts__post-title\" href=\"https:\/\/joerg-w-schirmer.de\/?p=3493\">Einzelausstellung \u201cBeautiful &#038; Best\u201d, Galerie Schortgen, Luxembourg<\/a><time datetime=\"2020-12-03T17:47:48+00:00\" class=\"wp-block-latest-posts__post-date\">Dezember 3, 2020<\/time><\/li>\n<li><div class=\"wp-block-latest-posts__featured-image aligncenter\"><img loading=\"lazy\" decoding=\"async\" width=\"848\" height=\"400\" src=\"https:\/\/joerg-w-schirmer.de\/wp-content\/uploads\/2020\/08\/karte_joerg_und_joerg-848x400-1.jpg\" class=\"attachment-large size-large wp-post-image\" alt=\"Einladungskarte &quot;J\u00f6rg und J\u00f6rg&quot;\" style=\"\" srcset=\"https:\/\/joerg-w-schirmer.de\/wp-content\/uploads\/2020\/08\/karte_joerg_und_joerg-848x400-1.jpg 848w, https:\/\/joerg-w-schirmer.de\/wp-content\/uploads\/2020\/08\/karte_joerg_und_joerg-848x400-1-300x142.jpg 300w, https:\/\/joerg-w-schirmer.de\/wp-content\/uploads\/2020\/08\/karte_joerg_und_joerg-848x400-1-768x362.jpg 768w, https:\/\/joerg-w-schirmer.de\/wp-content\/uploads\/2020\/08\/karte_joerg_und_joerg-848x400-1-600x283.jpg 600w\" sizes=\"100vw\" \/><\/div><a class=\"wp-block-latest-posts__post-title\" href=\"https:\/\/joerg-w-schirmer.de\/?p=3444\">Einladung zur Vernissage \u201eJ\u00f6rg + J\u00f6rg\u201c, 04.09.2020, 19.00 Uhr<\/a><time datetime=\"2020-08-20T17:34:00+00:00\" class=\"wp-block-latest-posts__post-date\">August 20, 2020<\/time><\/li>\n<li><div class=\"wp-block-latest-posts__featured-image aligncenter\"><img loading=\"lazy\" decoding=\"async\" width=\"843\" height=\"1024\" src=\"https:\/\/joerg-w-schirmer.de\/wp-content\/uploads\/2020\/06\/image_2020-06-23.jpg\" class=\"attachment-large size-large wp-post-image\" alt=\"Foto von J\u00f6rg W. Schirmer und Dirk K\u00e4stel beim Enth\u00fcllen der Skulptur\" style=\"\" srcset=\"https:\/\/joerg-w-schirmer.de\/wp-content\/uploads\/2020\/06\/image_2020-06-23.jpg 843w, https:\/\/joerg-w-schirmer.de\/wp-content\/uploads\/2020\/06\/image_2020-06-23-247x300.jpg 247w, https:\/\/joerg-w-schirmer.de\/wp-content\/uploads\/2020\/06\/image_2020-06-23-768x933.jpg 768w, https:\/\/joerg-w-schirmer.de\/wp-content\/uploads\/2020\/06\/image_2020-06-23-600x729.jpg 600w\" sizes=\"100vw\" \/><\/div><a class=\"wp-block-latest-posts__post-title\" href=\"https:\/\/joerg-w-schirmer.de\/?p=3418\">Skulptur f\u00fcr Menschen in Not<\/a><time datetime=\"2020-06-23T16:21:12+00:00\" class=\"wp-block-latest-posts__post-date\">Juni 23, 2020<\/time><\/li>\n<li><div class=\"wp-block-latest-posts__featured-image aligncenter\"><img loading=\"lazy\" decoding=\"async\" width=\"408\" height=\"280\" src=\"https:\/\/joerg-w-schirmer.de\/wp-content\/uploads\/2018\/05\/Einladung-Zitadelle.jpg\" class=\"attachment-large size-large wp-post-image\" alt=\"\" style=\"\" srcset=\"https:\/\/joerg-w-schirmer.de\/wp-content\/uploads\/2018\/05\/Einladung-Zitadelle.jpg 408w, https:\/\/joerg-w-schirmer.de\/wp-content\/uploads\/2018\/05\/Einladung-Zitadelle-300x206.jpg 300w\" sizes=\"100vw\" \/><\/div><a class=\"wp-block-latest-posts__post-title\" href=\"https:\/\/joerg-w-schirmer.de\/?p=3327\">Perspektive? akrobatisch! Austellung 26.05.2018<\/a><time datetime=\"2018-05-18T16:20:59+00:00\" class=\"wp-block-latest-posts__post-date\">Mai 18, 2018<\/time><\/li>\n<li><div class=\"wp-block-latest-posts__featured-image aligncenter\"><img loading=\"lazy\" decoding=\"async\" width=\"682\" height=\"497\" src=\"https:\/\/joerg-w-schirmer.de\/wp-content\/uploads\/2017\/05\/Showgirl2a.jpg\" class=\"attachment-large size-large wp-post-image\" alt=\"\" style=\"\" srcset=\"https:\/\/joerg-w-schirmer.de\/wp-content\/uploads\/2017\/05\/Showgirl2a.jpg 682w, https:\/\/joerg-w-schirmer.de\/wp-content\/uploads\/2017\/05\/Showgirl2a-300x219.jpg 300w, https:\/\/joerg-w-schirmer.de\/wp-content\/uploads\/2017\/05\/Showgirl2a-600x437.jpg 600w\" sizes=\"100vw\" \/><\/div><a class=\"wp-block-latest-posts__post-title\" href=\"https:\/\/joerg-w-schirmer.de\/?p=3317\">KAPRIOLEN und ESKAPADEN Austellung 07.07. &#8211; 26.08.2017<\/a><time datetime=\"2017-06-26T15:03:29+00:00\" class=\"wp-block-latest-posts__post-date\">Juni 26, 2017<\/time><\/li>\n<li><div class=\"wp-block-latest-posts__featured-image aligncenter\"><img loading=\"lazy\" decoding=\"async\" width=\"950\" height=\"506\" src=\"https:\/\/joerg-w-schirmer.de\/wp-content\/uploads\/2016\/11\/JWS_artfein-1024x545.png\" class=\"attachment-large size-large wp-post-image\" alt=\"\" style=\"\" srcset=\"https:\/\/joerg-w-schirmer.de\/wp-content\/uploads\/2016\/11\/JWS_artfein.png 1024w, https:\/\/joerg-w-schirmer.de\/wp-content\/uploads\/2016\/11\/JWS_artfein-300x160.png 300w, https:\/\/joerg-w-schirmer.de\/wp-content\/uploads\/2016\/11\/JWS_artfein-768x409.png 768w, https:\/\/joerg-w-schirmer.de\/wp-content\/uploads\/2016\/11\/JWS_artfein-600x319.png 600w\" sizes=\"100vw\" \/><\/div><a class=\"wp-block-latest-posts__post-title\" href=\"https:\/\/joerg-w-schirmer.de\/?p=3274\">artfein GALLERY 2016<\/a><time datetime=\"2016-11-02T21:25:34+00:00\" class=\"wp-block-latest-posts__post-date\">November 2, 2016<\/time><\/li>\n<li><div class=\"wp-block-latest-posts__featured-image aligncenter\"><img loading=\"lazy\" decoding=\"async\" width=\"950\" height=\"506\" src=\"https:\/\/joerg-w-schirmer.de\/wp-content\/uploads\/2016\/11\/Schirmer_Kulturkirche_Ost-1024x545.png\" class=\"attachment-large size-large wp-post-image\" alt=\"\" style=\"\" srcset=\"https:\/\/joerg-w-schirmer.de\/wp-content\/uploads\/2016\/11\/Schirmer_Kulturkirche_Ost.png 1024w, https:\/\/joerg-w-schirmer.de\/wp-content\/uploads\/2016\/11\/Schirmer_Kulturkirche_Ost-300x160.png 300w, https:\/\/joerg-w-schirmer.de\/wp-content\/uploads\/2016\/11\/Schirmer_Kulturkirche_Ost-768x409.png 768w, https:\/\/joerg-w-schirmer.de\/wp-content\/uploads\/2016\/11\/Schirmer_Kulturkirche_Ost-600x319.png 600w\" sizes=\"100vw\" \/><\/div><a class=\"wp-block-latest-posts__post-title\" href=\"https:\/\/joerg-w-schirmer.de\/?p=3251\">Kulturkirche Ost 2016 in K\u00f6ln<\/a><time datetime=\"2016-11-02T21:04:39+00:00\" class=\"wp-block-latest-posts__post-date\">November 2, 2016<\/time><\/li>\n<li><div class=\"wp-block-latest-posts__featured-image aligncenter\"><img loading=\"lazy\" decoding=\"async\" width=\"820\" height=\"420\" src=\"https:\/\/joerg-w-schirmer.de\/wp-content\/uploads\/2016\/06\/artBusan_02.jpg\" class=\"attachment-large size-large wp-post-image\" alt=\"\" style=\"\" srcset=\"https:\/\/joerg-w-schirmer.de\/wp-content\/uploads\/2016\/06\/artBusan_02.jpg 820w, https:\/\/joerg-w-schirmer.de\/wp-content\/uploads\/2016\/06\/artBusan_02-300x154.jpg 300w, https:\/\/joerg-w-schirmer.de\/wp-content\/uploads\/2016\/06\/artBusan_02-768x393.jpg 768w, https:\/\/joerg-w-schirmer.de\/wp-content\/uploads\/2016\/06\/artBusan_02-600x307.jpg 600w\" sizes=\"100vw\" \/><\/div><a class=\"wp-block-latest-posts__post-title\" href=\"https:\/\/joerg-w-schirmer.de\/?p=3093\">ART BUSAN 2016<\/a><time datetime=\"2016-05-20T19:30:00+00:00\" class=\"wp-block-latest-posts__post-date\">Mai 20, 2016<\/time><\/li>\n<li><div class=\"wp-block-latest-posts__featured-image aligncenter\"><img loading=\"lazy\" decoding=\"async\" width=\"950\" height=\"442\" src=\"https:\/\/joerg-w-schirmer.de\/wp-content\/uploads\/2016\/04\/Zeizungartikel02-1024x476.jpg\" class=\"attachment-large size-large wp-post-image\" alt=\"\" style=\"\" srcset=\"https:\/\/joerg-w-schirmer.de\/wp-content\/uploads\/2016\/04\/Zeizungartikel02-1024x476.jpg 1024w, https:\/\/joerg-w-schirmer.de\/wp-content\/uploads\/2016\/04\/Zeizungartikel02-300x139.jpg 300w, https:\/\/joerg-w-schirmer.de\/wp-content\/uploads\/2016\/04\/Zeizungartikel02-768x357.jpg 768w, https:\/\/joerg-w-schirmer.de\/wp-content\/uploads\/2016\/04\/Zeizungartikel02-600x279.jpg 600w, https:\/\/joerg-w-schirmer.de\/wp-content\/uploads\/2016\/04\/Zeizungartikel02-1200x558.jpg 1200w, https:\/\/joerg-w-schirmer.de\/wp-content\/uploads\/2016\/04\/Zeizungartikel02.jpg 1280w\" sizes=\"100vw\" \/><\/div><a class=\"wp-block-latest-posts__post-title\" href=\"https:\/\/joerg-w-schirmer.de\/?p=3095\">K\u00f6lner Liste 2016<\/a><time datetime=\"2016-04-14T16:51:15+00:00\" class=\"wp-block-latest-posts__post-date\">April 14, 2016<\/time><\/li>\n<li><div class=\"wp-block-latest-posts__featured-image aligncenter\"><img loading=\"lazy\" decoding=\"async\" width=\"950\" height=\"713\" src=\"https:\/\/joerg-w-schirmer.de\/wp-content\/uploads\/2016\/03\/IMG_0801-1024x768.jpg\" class=\"attachment-large size-large wp-post-image\" alt=\"\" style=\"\" srcset=\"https:\/\/joerg-w-schirmer.de\/wp-content\/uploads\/2016\/03\/IMG_0801-1024x768.jpg 1024w, https:\/\/joerg-w-schirmer.de\/wp-content\/uploads\/2016\/03\/IMG_0801-300x225.jpg 300w, https:\/\/joerg-w-schirmer.de\/wp-content\/uploads\/2016\/03\/IMG_0801-2000x1500.jpg 2000w, https:\/\/joerg-w-schirmer.de\/wp-content\/uploads\/2016\/03\/IMG_0801-1536x1152.jpg 1536w, https:\/\/joerg-w-schirmer.de\/wp-content\/uploads\/2016\/03\/IMG_0801-600x450.jpg 600w, https:\/\/joerg-w-schirmer.de\/wp-content\/uploads\/2016\/03\/IMG_0801-1200x900.jpg 1200w, https:\/\/joerg-w-schirmer.de\/wp-content\/uploads\/2016\/03\/IMG_0801.jpg 2048w\" sizes=\"100vw\" \/><\/div><a class=\"wp-block-latest-posts__post-title\" href=\"https:\/\/joerg-w-schirmer.de\/?p=3073\">artKarlsruhe 2016<\/a><time datetime=\"2016-02-17T16:11:08+00:00\" class=\"wp-block-latest-posts__post-date\">Februar 17, 2016<\/time><\/li>\n<li><div class=\"wp-block-latest-posts__featured-image aligncenter\"><img loading=\"lazy\" decoding=\"async\" width=\"950\" height=\"493\" src=\"https:\/\/joerg-w-schirmer.de\/wp-content\/uploads\/2016\/03\/IMG_1275-e1457538131816-1024x531.jpg\" class=\"attachment-large size-large wp-post-image\" alt=\"\" style=\"\" srcset=\"https:\/\/joerg-w-schirmer.de\/wp-content\/uploads\/2016\/03\/IMG_1275-e1457538131816-1024x531.jpg 1024w, https:\/\/joerg-w-schirmer.de\/wp-content\/uploads\/2016\/03\/IMG_1275-e1457538131816-300x156.jpg 300w, https:\/\/joerg-w-schirmer.de\/wp-content\/uploads\/2016\/03\/IMG_1275-e1457538131816-2000x1037.jpg 2000w, https:\/\/joerg-w-schirmer.de\/wp-content\/uploads\/2016\/03\/IMG_1275-e1457538131816-1536x797.jpg 1536w, https:\/\/joerg-w-schirmer.de\/wp-content\/uploads\/2016\/03\/IMG_1275-e1457538131816-2048x1062.jpg 2048w, https:\/\/joerg-w-schirmer.de\/wp-content\/uploads\/2016\/03\/IMG_1275-e1457538131816-600x311.jpg 600w, https:\/\/joerg-w-schirmer.de\/wp-content\/uploads\/2016\/03\/IMG_1275-e1457538131816-1200x622.jpg 1200w\" sizes=\"100vw\" \/><\/div><a class=\"wp-block-latest-posts__post-title\" href=\"https:\/\/joerg-w-schirmer.de\/?p=3058\">art KIAF 2015<\/a><time datetime=\"2015-10-09T15:31:54+00:00\" class=\"wp-block-latest-posts__post-date\">Oktober 9, 2015<\/time><\/li>\n<li><div class=\"wp-block-latest-posts__featured-image aligncenter\"><img loading=\"lazy\" decoding=\"async\" width=\"950\" height=\"545\" src=\"https:\/\/joerg-w-schirmer.de\/wp-content\/uploads\/2015\/07\/Einladung-EXPRESSIONS-Frontseite-e1438006655623-1024x587.png\" class=\"attachment-large size-large wp-post-image\" alt=\"Einladung EXPRESSIONS\" style=\"\" srcset=\"https:\/\/joerg-w-schirmer.de\/wp-content\/uploads\/2015\/07\/Einladung-EXPRESSIONS-Frontseite-e1438006655623-1024x587.png 1024w, https:\/\/joerg-w-schirmer.de\/wp-content\/uploads\/2015\/07\/Einladung-EXPRESSIONS-Frontseite-e1438006655623-300x172.png 300w\" sizes=\"100vw\" \/><\/div><a class=\"wp-block-latest-posts__post-title\" href=\"https:\/\/joerg-w-schirmer.de\/?p=1\">Einladung zur Vernissage<\/a><time datetime=\"2015-07-31T04:51:49+00:00\" class=\"wp-block-latest-posts__post-date\">Juli 31, 2015<\/time><\/li>\n<\/ul>\n\n\n<p><\/p>\n","protected":false},"excerpt":{"rendered":"","protected":false},"author":1,"featured_media":0,"parent":0,"menu_order":0,"comment_status":"closed","ping_status":"closed","template":"","meta":{"footnotes":""},"class_list":["post-2890","page","type-page","status-publish","hentry"],"featured_media_urls":[],"_links":{"self":[{"href":"https:\/\/joerg-w-schirmer.de\/index.php?rest_route=\/wp\/v2\/pages\/2890","targetHints":{"allow":["GET"]}}],"collection":[{"href":"https:\/\/joerg-w-schirmer.de\/index.php?rest_route=\/wp\/v2\/pages"}],"about":[{"href":"https:\/\/joerg-w-schirmer.de\/index.php?rest_route=\/wp\/v2\/types\/page"}],"author":[{"embeddable":true,"href":"https:\/\/joerg-w-schirmer.de\/index.php?rest_route=\/wp\/v2\/users\/1"}],"replies":[{"embeddable":true,"href":"https:\/\/joerg-w-schirmer.de\/index.php?rest_route=%2Fwp%2Fv2%2Fcomments&post=2890"}],"version-history":[{"count":68,"href":"https:\/\/joerg-w-schirmer.de\/index.php?rest_route=\/wp\/v2\/pages\/2890\/revisions"}],"predecessor-version":[{"id":3575,"href":"https:\/\/joerg-w-schirmer.de\/index.php?rest_route=\/wp\/v2\/pages\/2890\/revisions\/3575"}],"wp:attachment":[{"href":"https:\/\/joerg-w-schirmer.de\/index.php?rest_route=%2Fwp%2Fv2%2Fmedia&parent=2890"}],"curies":[{"name":"wp","href":"https:\/\/api.w.org\/{rel}","templated":true}]}}